{"id":1061,"date":"2016-01-05T14:23:34","date_gmt":"2016-01-05T13:23:34","guid":{"rendered":"http:\/\/www.btsa-mancy.fr\/?page_id=1061"},"modified":"2017-03-16T13:11:36","modified_gmt":"2017-03-16T12:11:36","slug":"les-sports-de-pleine-nature","status":"publish","type":"page","link":"https:\/\/www.btsa-mancy.fr\/?page_id=1061","title":{"rendered":"Les sports de pleine nature"},"content":{"rendered":"<p>[et_pb_section bb_built=&#8221;1&#8243; admin_label=&#8221;section&#8221;][et_pb_row admin_label=&#8221;row&#8221;][et_pb_column type=&#8221;4_4&#8243;][et_pb_gallery admin_label=&#8221;Galerie&#8221; gallery_ids=&#8221;1954,1951,1953,1952,1950,1955,1946&#8243; gallery_orderby=&#8221;rand&#8221; fullwidth=&#8221;on&#8221; orientation=&#8221;landscape&#8221; show_title_and_caption=&#8221;on&#8221; show_pagination=&#8221;off&#8221; background_layout=&#8221;light&#8221; auto=&#8221;on&#8221; auto_speed=&#8221;5000&#8243; hover_overlay_color=&#8221;rgba(255,255,255,0.9)&#8221; use_border_color=&#8221;off&#8221; border_color=&#8221;#ffffff&#8221; border_style=&#8221;solid&#8221; \/][et_pb_text admin_label=&#8221;Texte&#8221; background_layout=&#8221;light&#8221; text_orientation=&#8221;left&#8221; use_border_color=&#8221;off&#8221; border_color=&#8221;#ffffff&#8221; border_style=&#8221;solid&#8221;]<\/p>\n<p>Le trail, c&#8217;est de la course \u00e0 pied en pleine nature. L&#8217;activit\u00e9 permet de d\u00e9couvrir des paysages l\u00e0 o\u00f9 il n&#8217;est pas possible d&#8217;y aller autrement.<\/p>\n<p>Le club trail de Mancy, c&#8217;est une sortie les mercredis soirs ouverte \u00e0 tous les volontaires, quel que soit son niveau. La philosophie, c&#8217;est de partager un moment convivial ensemble dans les plus beaux paysages des alentours de Lons et du Jura.<\/p>\n<p>[\/et_pb_text][\/et_pb_column][\/et_pb_row][\/et_pb_section]<\/p>\n","protected":false},"excerpt":{"rendered":"<p>[et_pb_section bb_built=&#8221;1&#8243; admin_label=&#8221;section&#8221;][et_pb_row admin_label=&#8221;row&#8221;][et_pb_column type=&#8221;4_4&#8243;][et_pb_gallery admin_label=&#8221;Galerie&#8221; gallery_ids=&#8221;1954,1951,1953,1952,1950,1955,1946&#8243; gallery_orderby=&#8221;rand&#8221; fullwidth=&#8221;on&#8221; orientation=&#8221;landscape&#8221; show_title_and_caption=&#8221;on&#8221; show_pagination=&#8221;off&#8221; background_layout=&#8221;light&#8221; auto=&#8221;on&#8221; auto_speed=&#8221;5000&#8243; hover_overlay_color=&#8221;rgba(255,255,255,0.9)&#8221; use_border_color=&#8221;off&#8221; border_color=&#8221;#ffffff&#8221; border_style=&#8221;solid&#8221; \/][et_pb_text admin_label=&#8221;Texte&#8221; background_layout=&#8221;light&#8221; text_orientation=&#8221;left&#8221; use_border_color=&#8221;off&#8221; border_color=&#8221;#ffffff&#8221; border_style=&#8221;solid&#8221;] Le trail, c&#8217;est de la course \u00e0 pied en pleine nature. L&#8217;activit\u00e9 permet de d\u00e9couvrir des paysages l\u00e0 o\u00f9 il n&#8217;est pas possible d&#8217;y aller autrement. Le club trail [&hellip;]<\/p>\n","protected":false},"author":1,"featured_media":0,"parent":1050,"menu_order":0,"comment_status":"closed","ping_status":"closed","template":"","meta":{"_et_pb_use_builder":"on","_et_pb_old_content":"<p>En construction<\/p>","_et_gb_content_width":""},"_links":{"self":[{"href":"https:\/\/www.btsa-mancy.fr\/index.php?rest_route=\/wp\/v2\/pages\/1061"}],"collection":[{"href":"https:\/\/www.btsa-mancy.fr\/index.php?rest_route=\/wp\/v2\/pages"}],"about":[{"href":"https:\/\/www.btsa-mancy.fr\/index.php?rest_route=\/wp\/v2\/types\/page"}],"author":[{"embeddable":true,"href":"https:\/\/www.btsa-mancy.fr\/index.php?rest_route=\/wp\/v2\/users\/1"}],"replies":[{"embeddable":true,"href":"https:\/\/www.btsa-mancy.fr\/index.php?rest_route=%2Fwp%2Fv2%2Fcomments&post=1061"}],"version-history":[{"count":4,"href":"https:\/\/www.btsa-mancy.fr\/index.php?rest_route=\/wp\/v2\/pages\/1061\/revisions"}],"predecessor-version":[{"id":1949,"href":"https:\/\/www.btsa-mancy.fr\/index.php?rest_route=\/wp\/v2\/pages\/1061\/revisions\/1949"}],"up":[{"embeddable":true,"href":"https:\/\/www.btsa-mancy.fr\/index.php?rest_route=\/wp\/v2\/pages\/1050"}],"wp:attachment":[{"href":"https:\/\/www.btsa-mancy.fr\/index.php?rest_route=%2Fwp%2Fv2%2Fmedia&parent=1061"}],"curies":[{"name":"wp","href":"https:\/\/api.w.org\/{rel}","templated":true}]}}